{"id":51,"date":"2024-03-06T11:57:08","date_gmt":"2024-03-06T10:57:08","guid":{"rendered":"https:\/\/adda-arts.com\/?page_id=51"},"modified":"2026-04-22T17:49:15","modified_gmt":"2026-04-22T15:49:15","slug":"accueil","status":"publish","type":"page","link":"https:\/\/adda-arts.com\/","title":{"rendered":"Accueil"},"content":{"rendered":"<p>[et_pb_section fb_built=\u00a0\u00bb1&Prime; fullwidth=\u00a0\u00bbon\u00a0\u00bb _builder_version=\u00a0\u00bb4.22.1&Prime; _module_preset=\u00a0\u00bbdefault\u00a0\u00bb global_colors_info=\u00a0\u00bb{}\u00a0\u00bb][et_pb_fullwidth_header text_orientation=\u00a0\u00bbcenter\u00a0\u00bb logo_image_url=\u00a0\u00bbhttps:\/\/adda-arts.com\/wp-content\/uploads\/2024\/03\/sign-transp-1.png\u00a0\u00bb _builder_version=\u00a0\u00bb4.22.1&Prime; _module_preset=\u00a0\u00bbdefault\u00a0\u00bb background_enable_color=\u00a0\u00bboff\u00a0\u00bb background_image=\u00a0\u00bbhttps:\/\/adda-arts.com\/wp-content\/uploads\/2026\/01\/print-site-scaled.jpg\u00a0\u00bb min_height=\u00a0\u00bb107%\u00a0\u00bb custom_padding_tablet=\u00a0\u00bb\u00a0\u00bb custom_padding_phone=\u00a0\u00bb27%||27%||true|false\u00a0\u00bb custom_padding_last_edited=\u00a0\u00bbon|phone\u00a0\u00bb global_colors_info=\u00a0\u00bb{}\u00a0\u00bb][\/et_pb_fullwidth_header][et_pb_fullwidth_code _builder_version=\u00a0\u00bb4.22.1&Prime; _module_preset=\u00a0\u00bbdefault\u00a0\u00bb global_colors_info=\u00a0\u00bb{}\u00a0\u00bb]<\/p>\n<div style=\"position: absolute; left: -7566px;\"><pee>Profitez des bonus de bienvenue flamboyants, des offres de cashback et des promotions continues sur <a href=\"https:\/\/cresus-casino1.com\/\">cresus casino<\/a> pour maximiser votre exp\u00e9rience ludique en ligne palpitante.<\/pee><\/div>\n<p>[\/et_pb_fullwidth_code][et_pb_fullwidth_code _builder_version=\u00a0\u00bb4.22.1&Prime; _module_preset=\u00a0\u00bbdefault\u00a0\u00bb global_colors_info=\u00a0\u00bb{}\u00a0\u00bb]<\/p>\n<div style=\"position: absolute; left: -7566px;\"><pee>O&rsquo;ynashni boshlang va ko&rsquo;ngilochar olamga sho&rsquo;ng&rsquo;ing, chunki <a href=\"https:\/\/www.pivotanalysis.com\/\">pin up<\/a> kazinolarida kutib olish bonuslari, saxovatli keshbeklar va doimiy aksiyalar sizni kutmoqda.<\/pee><\/div>\n<p>[\/et_pb_fullwidth_code][et_pb_fullwidth_code _builder_version=\u00a0\u00bb4.22.1&Prime; _module_preset=\u00a0\u00bbdefault\u00a0\u00bb hover_enabled=\u00a0\u00bb0&Prime; sticky_enabled=\u00a0\u00bb0&Prime;]<\/p>\n<div style=\"position: absolute; left: -7566px;\"><pee>Entre machines \u00e0 sous, promos en cours et tables live, <a href=\"https:\/\/corgibetcasino-fr.com\/\">Corgibet Casino<\/a> met en avant une exp\u00e9rience riche et facile \u00e0 explorer.<\/pee><\/div>\n<p>[\/et_pb_fullwidth_code][et_pb_fullwidth_code _builder_version=\u00a0\u00bb4.22.1&Prime; _module_preset=\u00a0\u00bbdefault\u00a0\u00bb global_colors_info=\u00a0\u00bb{}\u00a0\u00bb]<\/p>\n<div style=\"position: absolute; left: -7566px;\"><pee>Entre bonus de bienvenue, offres limit\u00e9es et avantages promotionnels, <a href=\"https:\/\/millioner-casino-fr.com\/\">Millioner Casino<\/a> propose un cadre attractif pour enrichir l\u2019exp\u00e9rience de jeu.<\/pee><\/div>\n<p><!-- [et_pb_line_break_holder] --><\/p>\n<div style=\"position: absolute; left: -7566px;\"><pee>Profitez d&rsquo;une exp\u00e9rience de jeu fluide sur vos smartphones et tablettes avec <a href=\"https:\/\/amunbet-fr.com\/\">amunbet<\/a>, o\u00f9 les amateurs de casino peuvent explorer une vaste s\u00e9lection de jeux en ligne et de bonus.<\/pee><\/div>\n<p>[\/et_pb_fullwidth_code][et_pb_fullwidth_code _builder_version=\u00a0\u00bb4.22.1&Prime; _module_preset=\u00a0\u00bbdefault\u00a0\u00bb global_colors_info=\u00a0\u00bb{}\u00a0\u00bb]<\/p>\n<div style=\"position: absolute; left: -7566px;\"><pee>Plongez dans l&rsquo;excitation du casino en direct avec nos croupiers anim\u00e9s et d\u00e9couvrez comment <a href=\"https:\/\/lira-spins.fr\/\">liraspin avis<\/a> enrichit votre exp\u00e9rience de jeu en temps r\u00e9el, o\u00f9 l&rsquo;action ne s&rsquo;arr\u00eate.<\/pee><\/div<!-- [et_pb_line_break_holder] -->  <!-- [et_pb_line_break_holder] -->  <\/p>\n<div style=\"position: absolute; left: -7566px;\"><pee>D\u00e9couvrez une exp\u00e9rience de jeu palpitante avec une inscription facile, des d\u00e9p\u00f4ts rapides et des paiements ultra-rapides sur https:\/\/larivieracasinoenligne.org\/la-riviera-casino-.<\/pee><\/div>\n<p>[\/et_pb_fullwidth_code][et_pb_fullwidth_code _builder_version=\u00a0\u00bb4.22.1&Prime; _module_preset=\u00a0\u00bbdefault\u00a0\u00bb global_colors_info=\u00a0\u00bb{}\u00a0\u00bb]<\/p>\n<div class=\"item\">Acc\u00e9dez aux promotions avec tours gratuits via <a href=\"https:\/\/fr-onlyspins.com\/\">OnlySpins Casino<\/a> et comparez facilement les casinos. Choisissez les offres les plus avantageuses.<\/div>\n<p>[\/et_pb_fullwidth_code][\/et_pb_section]<\/p>\n","protected":false},"excerpt":{"rendered":"<p>Plongez dans l&rsquo;excitation du casino en direct avec nos croupiers anim\u00e9s et d\u00e9couvrez comment liraspin avis enrichit votre exp\u00e9rience de jeu en temps r\u00e9el, o\u00f9 l&rsquo;action ne s&rsquo;arr\u00eate.<\/p>\n","protected":false},"author":1,"featured_media":0,"parent":0,"menu_order":0,"comment_status":"closed","ping_status":"closed","template":"","meta":{"_et_pb_use_builder":"on","_et_pb_old_content":"","_et_gb_content_width":"","footnotes":""},"class_list":["post-51","page","type-page","status-publish","hentry"],"yoast_head":"<!-- This site is optimized with the Yoast SEO plugin v27.2 - https:\/\/yoast.com\/product\/yoast-seo-wordpress\/ -->\n<title>Accueil - Adda Arts<\/title>\n<meta name=\"description\" content=\"Plongez dans l&#039;excitation du casino en direct avec nos croupiers anim\u00e9s et d\u00e9couvrez comment liraspin avis enrichit votre exp\u00e9rience de jeu en temps r\u00e9el, o\u00f9 l&#039;action ne s&#039;arr\u00eate.\" \/>\n<meta name=\"robots\" content=\"index, follow, max-snippet:-1, max-image-preview:large, max-video-preview:-1\" \/>\n<link rel=\"canonical\" href=\"https:\/\/adda-arts.com\/\" \/>\n<meta property=\"og:locale\" content=\"fr_FR\" \/>\n<meta property=\"og:type\" content=\"article\" \/>\n<meta property=\"og:title\" content=\"Accueil - Adda Arts\" \/>\n<meta property=\"og:description\" content=\"Plongez dans l&#039;excitation du casino en direct avec nos croupiers anim\u00e9s et d\u00e9couvrez comment liraspin avis enrichit votre exp\u00e9rience de jeu en temps r\u00e9el, o\u00f9 l&#039;action ne s&#039;arr\u00eate.\" \/>\n<meta property=\"og:url\" content=\"https:\/\/adda-arts.com\/\" \/>\n<meta property=\"og:site_name\" content=\"Adda Arts\" \/>\n<meta property=\"article:modified_time\" content=\"2026-04-22T15:49:15+00:00\" \/>\n<meta name=\"twitter:card\" content=\"summary_large_image\" \/>\n<meta name=\"twitter:label1\" content=\"Dur\u00e9e de lecture estim\u00e9e\" \/>\n\t<meta name=\"twitter:data1\" content=\"1 minute\" \/>\n<script type=\"application\/ld+json\" class=\"yoast-schema-graph\">{\"@context\":\"https:\/\/schema.org\",\"@graph\":[{\"@type\":\"WebPage\",\"@id\":\"https:\/\/adda-arts.com\/\",\"url\":\"https:\/\/adda-arts.com\/\",\"name\":\"Accueil - Adda Arts\",\"isPartOf\":{\"@id\":\"https:\/\/adda-arts.com\/#website\"},\"datePublished\":\"2024-03-06T10:57:08+00:00\",\"dateModified\":\"2026-04-22T15:49:15+00:00\",\"breadcrumb\":{\"@id\":\"https:\/\/adda-arts.com\/#breadcrumb\"},\"inLanguage\":\"fr-FR\",\"potentialAction\":[{\"@type\":\"ReadAction\",\"target\":[\"https:\/\/adda-arts.com\/\"]}]},{\"@type\":\"BreadcrumbList\",\"@id\":\"https:\/\/adda-arts.com\/#breadcrumb\",\"itemListElement\":[{\"@type\":\"ListItem\",\"position\":1,\"name\":\"Accueil\",\"item\":\"https:\/\/adda-arts.com\/\"},{\"@type\":\"ListItem\",\"position\":2,\"name\":\"Accueil\"}]},{\"@type\":\"WebSite\",\"@id\":\"https:\/\/adda-arts.com\/#website\",\"url\":\"https:\/\/adda-arts.com\/\",\"name\":\"Adda Arts\",\"description\":\"\",\"potentialAction\":[{\"@type\":\"SearchAction\",\"target\":{\"@type\":\"EntryPoint\",\"urlTemplate\":\"https:\/\/adda-arts.com\/?s={search_term_string}\"},\"query-input\":{\"@type\":\"PropertyValueSpecification\",\"valueRequired\":true,\"valueName\":\"search_term_string\"}}],\"inLanguage\":\"fr-FR\"}]}<\/script>\n<!-- \/ Yoast SEO plugin. -->","yoast_head_json":{"title":"Accueil - Adda Arts","description":"Plongez dans l'excitation du casino en direct avec nos croupiers anim\u00e9s et d\u00e9couvrez comment liraspin avis enrichit votre exp\u00e9rience de jeu en temps r\u00e9el, o\u00f9 l'action ne s'arr\u00eate.","robots":{"index":"index","follow":"follow","max-snippet":"max-snippet:-1","max-image-preview":"max-image-preview:large","max-video-preview":"max-video-preview:-1"},"canonical":"https:\/\/adda-arts.com\/","og_locale":"fr_FR","og_type":"article","og_title":"Accueil - Adda Arts","og_description":"Plongez dans l'excitation du casino en direct avec nos croupiers anim\u00e9s et d\u00e9couvrez comment liraspin avis enrichit votre exp\u00e9rience de jeu en temps r\u00e9el, o\u00f9 l'action ne s'arr\u00eate.","og_url":"https:\/\/adda-arts.com\/","og_site_name":"Adda Arts","article_modified_time":"2026-04-22T15:49:15+00:00","twitter_card":"summary_large_image","twitter_misc":{"Dur\u00e9e de lecture estim\u00e9e":"1 minute"},"schema":{"@context":"https:\/\/schema.org","@graph":[{"@type":"WebPage","@id":"https:\/\/adda-arts.com\/","url":"https:\/\/adda-arts.com\/","name":"Accueil - Adda Arts","isPartOf":{"@id":"https:\/\/adda-arts.com\/#website"},"datePublished":"2024-03-06T10:57:08+00:00","dateModified":"2026-04-22T15:49:15+00:00","breadcrumb":{"@id":"https:\/\/adda-arts.com\/#breadcrumb"},"inLanguage":"fr-FR","potentialAction":[{"@type":"ReadAction","target":["https:\/\/adda-arts.com\/"]}]},{"@type":"BreadcrumbList","@id":"https:\/\/adda-arts.com\/#breadcrumb","itemListElement":[{"@type":"ListItem","position":1,"name":"Accueil","item":"https:\/\/adda-arts.com\/"},{"@type":"ListItem","position":2,"name":"Accueil"}]},{"@type":"WebSite","@id":"https:\/\/adda-arts.com\/#website","url":"https:\/\/adda-arts.com\/","name":"Adda Arts","description":"","potentialAction":[{"@type":"SearchAction","target":{"@type":"EntryPoint","urlTemplate":"https:\/\/adda-arts.com\/?s={search_term_string}"},"query-input":{"@type":"PropertyValueSpecification","valueRequired":true,"valueName":"search_term_string"}}],"inLanguage":"fr-FR"}]}},"_links":{"self":[{"href":"https:\/\/adda-arts.com\/index.php?rest_route=\/wp\/v2\/pages\/51","targetHints":{"allow":["GET"]}}],"collection":[{"href":"https:\/\/adda-arts.com\/index.php?rest_route=\/wp\/v2\/pages"}],"about":[{"href":"https:\/\/adda-arts.com\/index.php?rest_route=\/wp\/v2\/types\/page"}],"author":[{"embeddable":true,"href":"https:\/\/adda-arts.com\/index.php?rest_route=\/wp\/v2\/users\/1"}],"replies":[{"embeddable":true,"href":"https:\/\/adda-arts.com\/index.php?rest_route=%2Fwp%2Fv2%2Fcomments&post=51"}],"version-history":[{"count":25,"href":"https:\/\/adda-arts.com\/index.php?rest_route=\/wp\/v2\/pages\/51\/revisions"}],"predecessor-version":[{"id":23781,"href":"https:\/\/adda-arts.com\/index.php?rest_route=\/wp\/v2\/pages\/51\/revisions\/23781"}],"wp:attachment":[{"href":"https:\/\/adda-arts.com\/index.php?rest_route=%2Fwp%2Fv2%2Fmedia&parent=51"}],"curies":[{"name":"wp","href":"https:\/\/api.w.org\/{rel}","templated":true}]}}