{"id":59,"date":"2024-03-06T12:27:01","date_gmt":"2024-03-06T11:27:01","guid":{"rendered":"https:\/\/adda-arts.com\/?page_id=59"},"modified":"2024-03-18T19:00:42","modified_gmt":"2024-03-18T18:00:42","slug":"a-propos","status":"publish","type":"page","link":"https:\/\/adda-arts.com\/?page_id=59","title":{"rendered":"\u00c0 propos"},"content":{"rendered":"<p>[et_pb_section fb_built=\u00a0\u00bb1&Prime; _builder_version=\u00a0\u00bb4.22.1&Prime; _module_preset=\u00a0\u00bbdefault\u00a0\u00bb background_color=\u00a0\u00bb#000000&Prime; custom_margin=\u00a0\u00bb||||false|false\u00a0\u00bb custom_padding=\u00a0\u00bb2%||2%||true|false\u00a0\u00bb hover_enabled=\u00a0\u00bb0&Prime; global_colors_info=\u00a0\u00bb{}\u00a0\u00bb sticky_enabled=\u00a0\u00bb0&Prime;][et_pb_row _builder_version=\u00a0\u00bb4.22.1&Prime; _module_preset=\u00a0\u00bbdefault\u00a0\u00bb custom_padding=\u00a0\u00bb0px||0px||true|false\u00a0\u00bb global_colors_info=\u00a0\u00bb{}\u00a0\u00bb][et_pb_column type=\u00a0\u00bb4_4&Prime; _builder_version=\u00a0\u00bb4.22.1&Prime; _module_preset=\u00a0\u00bbdefault\u00a0\u00bb global_colors_info=\u00a0\u00bb{}\u00a0\u00bb][\/et_pb_column][\/et_pb_row][\/et_pb_section][et_pb_section fb_built=\u00a0\u00bb1&Prime; _builder_version=\u00a0\u00bb4.22.1&Prime; _module_preset=\u00a0\u00bbdefault\u00a0\u00bb background_color=\u00a0\u00bb#000000&Prime; min_height=\u00a0\u00bb517.9px\u00a0\u00bb global_colors_info=\u00a0\u00bb{}\u00a0\u00bb][et_pb_row column_structure=\u00a0\u00bb1_3,2_3&Prime; _builder_version=\u00a0\u00bb4.22.1&Prime; _module_preset=\u00a0\u00bbdefault\u00a0\u00bb global_colors_info=\u00a0\u00bb{}\u00a0\u00bb][et_pb_column type=\u00a0\u00bb1_3&Prime; _builder_version=\u00a0\u00bb4.22.1&Prime; _module_preset=\u00a0\u00bbdefault\u00a0\u00bb global_colors_info=\u00a0\u00bb{}\u00a0\u00bb][et_pb_image src=\u00a0\u00bbhttps:\/\/adda-arts.com\/wp-content\/uploads\/2024\/03\/11-1.jpg\u00a0\u00bb title_text=\u00a0\u00bb11&Prime; src_last_edited=\u00a0\u00bboff|desktop\u00a0\u00bb _builder_version=\u00a0\u00bb4.22.1&Prime; _module_preset=\u00a0\u00bbdefault\u00a0\u00bb custom_margin=\u00a0\u00bb||||false|false\u00a0\u00bb custom_margin_tablet=\u00a0\u00bb||0px||false|false\u00a0\u00bb custom_margin_phone=\u00a0\u00bb||0px||false|false\u00a0\u00bb custom_margin_last_edited=\u00a0\u00bbon|desktop\u00a0\u00bb global_colors_info=\u00a0\u00bb{}\u00a0\u00bb][\/et_pb_image][\/et_pb_column][et_pb_column type=\u00a0\u00bb2_3&Prime; _builder_version=\u00a0\u00bb4.22.1&Prime; _module_preset=\u00a0\u00bbdefault\u00a0\u00bb custom_padding=\u00a0\u00bb||||false|false\u00a0\u00bb global_colors_info=\u00a0\u00bb{}\u00a0\u00bb][et_pb_text _builder_version=\u00a0\u00bb4.22.1&Prime; _module_preset=\u00a0\u00bbdefault\u00a0\u00bb text_text_color=\u00a0\u00bb#FFFFFF\u00a0\u00bb text_line_height=\u00a0\u00bb1.4em\u00a0\u00bb width=\u00a0\u00bb100%\u00a0\u00bb custom_margin=\u00a0\u00bb|||0px|false|false\u00a0\u00bb custom_padding=\u00a0\u00bb|0px|||false|false\u00a0\u00bb global_colors_info=\u00a0\u00bb{}\u00a0\u00bb]<\/p>\n<p style=\"text-align: justify;\"><span>Adda exerce la peinture depuis l&rsquo;\u00e2ge de ses 18 ans. Il s&rsquo;est diversifi\u00e9 dans d&rsquo;autres domaines apr\u00e8s des \u00e9tudes d&rsquo;arts et design. Du design pur et dur en passant par des r\u00e9alisations plus artistiques, il a d\u00e9cid\u00e9 aujourd&rsquo;hui de s&rsquo;investir \u00e0 plein temps en tant qu&rsquo;artiste peintre en offrant diverses cr\u00e9ations comme de la peinture (abstraite, figurative, brut, street art), des affiches num\u00e9riques r\u00e9alis\u00e9es sur logiciels et de la linogravure.<\/span><\/p>\n<p style=\"text-align: justify;\"><span>Adda travaille sur des sujets qui intriguent son quotidien, ax\u00e9s autour de l\u2019humain, l\u2019\u00e9cologie, nos environnements, la culture urbaine. Il se questionne et \u00e9crit sur ces sujets afin d\u2019y associer une d\u00e9marche, qui va venir appuyer et donner du sens \u00e0 ses \u0153uvres puis proposer une r\u00e9flexion aux spectateurs.<\/span><\/p>\n<p style=\"text-align: justify;\"><span>Adda varie ses techniques et associe diff\u00e9rentes peintures (\u00e0 l&rsquo;huile, acrylique, a\u00e9rosol, pigment), il travaille beaucoup autour de la r\u00e9cup\u00e9ration, du r\u00e9emploi de toile et autres mati\u00e8res \u00e0 peindre. Il aime de plus en plus travailler la mati\u00e8re pour donner davantage de perspective et de profondeur \u00e0 ses oeuvres.<\/span><\/p>\n<p style=\"text-align: justify;\">Il tire son inspiration des couleurs et de sa vie quotidienne mais aussi de ses voyages aux 4 coins du globe. Artistiquement, Adda est anim\u00e9 par la gestuelle et la symbiose des couleurs de Pollock, Jonone et Jos\u00e9 Parla. Il s&rsquo;int\u00e9resse \u00e9galement \u00e0 l&rsquo;association de formes et de couleurs primaires de Mondrian et Keith Haring, puis de la touche fleurale de Takashi Murakami.<\/p>\n<p style=\"text-align: justify;\">Ses inspirations comme ses styles sont tr\u00e8s vari\u00e9s et \u00e9clectiques, ce qui permet un grand panel d&rsquo;oeuvres, toujours plus de recherches et de nouveaut\u00e9s sans pour autant \u00eatre \u00e0 court d&rsquo;id\u00e9es.<\/p>\n<p style=\"text-align: justify;\">Adda se fait une joie d&rsquo;\u00e9changer sur ses travaux et ses diff\u00e9rentes techniques.<\/p>\n<p>[\/et_pb_text][\/et_pb_column][\/et_pb_row][\/et_pb_section][et_pb_section fb_built=\u00a0\u00bb1&Prime; _builder_version=\u00a0\u00bb4.22.1&Prime; _module_preset=\u00a0\u00bbdefault\u00a0\u00bb background_color=\u00a0\u00bb#000000&Prime; custom_margin=\u00a0\u00bb-25px|||||\u00a0\u00bb global_colors_info=\u00a0\u00bb{}\u00a0\u00bb][et_pb_row column_structure=\u00a0\u00bb2_3,1_3&Prime; _builder_version=\u00a0\u00bb4.22.1&Prime; _module_preset=\u00a0\u00bbdefault\u00a0\u00bb global_colors_info=\u00a0\u00bb{}\u00a0\u00bb][et_pb_column type=\u00a0\u00bb2_3&Prime; _builder_version=\u00a0\u00bb4.22.1&Prime; _module_preset=\u00a0\u00bbdefault\u00a0\u00bb global_colors_info=\u00a0\u00bb{}\u00a0\u00bb][et_pb_text _builder_version=\u00a0\u00bb4.22.1&Prime; _module_preset=\u00a0\u00bbdefault\u00a0\u00bb text_text_color=\u00a0\u00bb#FFFFFF\u00a0\u00bb text_line_height=\u00a0\u00bb1.4em\u00a0\u00bb custom_margin=\u00a0\u00bb|||0px|false|false\u00a0\u00bb custom_padding=\u00a0\u00bb|0px|||false|false\u00a0\u00bb global_colors_info=\u00a0\u00bb{}\u00a0\u00bb]<\/p>\n<p style=\"text-align: justify;\">Adda has been painting since the age of 18. After studying art and design, he branched out into other fields. From pure and simple design to more artistic creations, he has now decided to devote himself full-time to painting, offering a range of creations including abstract, figurative, raw and street art, digital posters created using software and linocuts.<\/p>\n<p style=\"text-align: justify;\">Adda works on subjects that intrigue him on a daily basis, revolving around people, ecology, our environment and urban culture. He questions himself and writes about these subjects in order to associate an approach that will support and give meaning to his works, then propose a reflection to the spectators.<\/p>\n<p style=\"text-align: justify;\">Adda varies his techniques and combines different paints (oil, acrylic, aerosol, pigment). He works a lot with recycled and reused canvas and other painting materials. He likes to work more and more with materials to give his works more perspective and depth.<\/p>\n<p style=\"text-align: justify;\">He draws his inspiration from colours and his daily life, but also from his travels to the 4 corners of the globe. Artistically, Adda is inspired by the gestures and symbiosis of colours of Pollock, Jonone and Jos\u00e9 Parla. He is also interested in the combination of shapes and primary colours of Mondrian and Keith Haring, and the floral touch of Takashi Murakami.<\/p>\n<p style=\"text-align: justify;\">His inspirations, like his styles, are varied and eclectic, allowing him to create a wide range of works, constantly researching and innovating without running out of ideas.<\/p>\n<p style=\"text-align: justify;\">Adda is happy to talk about his work and his different techniques.<\/p>\n<p>[\/et_pb_text][\/et_pb_column][et_pb_column type=\u00a0\u00bb1_3&Prime; _builder_version=\u00a0\u00bb4.22.1&Prime; _module_preset=\u00a0\u00bbdefault\u00a0\u00bb custom_padding=\u00a0\u00bb||||false|false\u00a0\u00bb global_colors_info=\u00a0\u00bb{}\u00a0\u00bb][et_pb_image src=\u00a0\u00bbhttps:\/\/adda-arts.com\/wp-content\/uploads\/2024\/03\/21.jpg\u00a0\u00bb title_text=\u00a0\u00bb21&Prime; align=\u00a0\u00bbcenter\u00a0\u00bb src_last_edited=\u00a0\u00bboff|desktop\u00a0\u00bb _builder_version=\u00a0\u00bb4.22.1&Prime; _module_preset=\u00a0\u00bbdefault\u00a0\u00bb custom_margin=\u00a0\u00bb||-50px|||\u00a0\u00bb global_colors_info=\u00a0\u00bb{}\u00a0\u00bb][\/et_pb_image][\/et_pb_column][\/et_pb_row][\/et_pb_section]<\/p>\n","protected":false},"excerpt":{"rendered":"<p>Adda exerce la peinture depuis l&rsquo;\u00e2ge de ses 18 ans. Il s&rsquo;est diversifi\u00e9 dans d&rsquo;autres domaines apr\u00e8s des \u00e9tudes d&rsquo;arts et design. Du design pur et dur en passant par des r\u00e9alisations plus artistiques, il a d\u00e9cid\u00e9 aujourd&rsquo;hui de s&rsquo;investir \u00e0 plein temps en tant qu&rsquo;artiste peintre en offrant diverses cr\u00e9ations comme de la peinture [&hellip;]<\/p>\n","protected":false},"author":1,"featured_media":0,"parent":0,"menu_order":0,"comment_status":"closed","ping_status":"closed","template":"","meta":{"_et_pb_use_builder":"on","_et_pb_old_content":"","_et_gb_content_width":"","footnotes":""},"class_list":["post-59","page","type-page","status-publish","hentry"],"yoast_head":"<!-- This site is optimized with the Yoast SEO plugin v27.2 - https:\/\/yoast.com\/product\/yoast-seo-wordpress\/ -->\n<title>\u00c0 propos - Adda Arts<\/title>\n<meta name=\"description\" content=\"Adda exerce la peinture depuis l&#039;\u00e2ge de ses 18 ans. Il s&#039;est diversifi\u00e9 dans d&#039;autres domaines apr\u00e8s des \u00e9tudes d&#039;arts et design. Du design pur et dur en passant par des r\u00e9alisations plus artistiques, il a d\u00e9cid\u00e9 aujourd&#039;hui de s&#039;investir \u00e0 plein temps en tant qu&#039;artiste peintre en offrant diverses cr\u00e9ations comme de la peinture [&hellip;]\" \/>\n<meta name=\"robots\" content=\"index, follow, max-snippet:-1, max-image-preview:large, max-video-preview:-1\" \/>\n<link rel=\"canonical\" href=\"https:\/\/adda-arts.com\/?page_id=59\" \/>\n<meta property=\"og:locale\" content=\"fr_FR\" \/>\n<meta property=\"og:type\" content=\"article\" \/>\n<meta property=\"og:title\" content=\"\u00c0 propos - Adda Arts\" \/>\n<meta property=\"og:description\" content=\"Adda exerce la peinture depuis l&#039;\u00e2ge de ses 18 ans. Il s&#039;est diversifi\u00e9 dans d&#039;autres domaines apr\u00e8s des \u00e9tudes d&#039;arts et design. Du design pur et dur en passant par des r\u00e9alisations plus artistiques, il a d\u00e9cid\u00e9 aujourd&#039;hui de s&#039;investir \u00e0 plein temps en tant qu&#039;artiste peintre en offrant diverses cr\u00e9ations comme de la peinture [&hellip;]\" \/>\n<meta property=\"og:url\" content=\"https:\/\/adda-arts.com\/?page_id=59\" \/>\n<meta property=\"og:site_name\" content=\"Adda Arts\" \/>\n<meta property=\"article:modified_time\" content=\"2024-03-18T18:00:42+00:00\" \/>\n<meta name=\"twitter:card\" content=\"summary_large_image\" \/>\n<script type=\"application\/ld+json\" class=\"yoast-schema-graph\">{\"@context\":\"https:\/\/schema.org\",\"@graph\":[{\"@type\":\"WebPage\",\"@id\":\"https:\/\/adda-arts.com\/?page_id=59\",\"url\":\"https:\/\/adda-arts.com\/?page_id=59\",\"name\":\"\u00c0 propos - Adda Arts\",\"isPartOf\":{\"@id\":\"https:\/\/adda-arts.com\/#website\"},\"datePublished\":\"2024-03-06T11:27:01+00:00\",\"dateModified\":\"2024-03-18T18:00:42+00:00\",\"breadcrumb\":{\"@id\":\"https:\/\/adda-arts.com\/?page_id=59#breadcrumb\"},\"inLanguage\":\"fr-FR\",\"potentialAction\":[{\"@type\":\"ReadAction\",\"target\":[\"https:\/\/adda-arts.com\/?page_id=59\"]}]},{\"@type\":\"BreadcrumbList\",\"@id\":\"https:\/\/adda-arts.com\/?page_id=59#breadcrumb\",\"itemListElement\":[{\"@type\":\"ListItem\",\"position\":1,\"name\":\"Accueil\",\"item\":\"https:\/\/adda-arts.com\/\"},{\"@type\":\"ListItem\",\"position\":2,\"name\":\"\u00c0 propos\"}]},{\"@type\":\"WebSite\",\"@id\":\"https:\/\/adda-arts.com\/#website\",\"url\":\"https:\/\/adda-arts.com\/\",\"name\":\"Adda Arts\",\"description\":\"\",\"potentialAction\":[{\"@type\":\"SearchAction\",\"target\":{\"@type\":\"EntryPoint\",\"urlTemplate\":\"https:\/\/adda-arts.com\/?s={search_term_string}\"},\"query-input\":{\"@type\":\"PropertyValueSpecification\",\"valueRequired\":true,\"valueName\":\"search_term_string\"}}],\"inLanguage\":\"fr-FR\"}]}<\/script>\n<!-- \/ Yoast SEO plugin. -->","yoast_head_json":{"title":"\u00c0 propos - Adda Arts","description":"Adda exerce la peinture depuis l'\u00e2ge de ses 18 ans. Il s'est diversifi\u00e9 dans d'autres domaines apr\u00e8s des \u00e9tudes d'arts et design. Du design pur et dur en passant par des r\u00e9alisations plus artistiques, il a d\u00e9cid\u00e9 aujourd'hui de s'investir \u00e0 plein temps en tant qu'artiste peintre en offrant diverses cr\u00e9ations comme de la peinture [&hellip;]","robots":{"index":"index","follow":"follow","max-snippet":"max-snippet:-1","max-image-preview":"max-image-preview:large","max-video-preview":"max-video-preview:-1"},"canonical":"https:\/\/adda-arts.com\/?page_id=59","og_locale":"fr_FR","og_type":"article","og_title":"\u00c0 propos - Adda Arts","og_description":"Adda exerce la peinture depuis l'\u00e2ge de ses 18 ans. Il s'est diversifi\u00e9 dans d'autres domaines apr\u00e8s des \u00e9tudes d'arts et design. Du design pur et dur en passant par des r\u00e9alisations plus artistiques, il a d\u00e9cid\u00e9 aujourd'hui de s'investir \u00e0 plein temps en tant qu'artiste peintre en offrant diverses cr\u00e9ations comme de la peinture [&hellip;]","og_url":"https:\/\/adda-arts.com\/?page_id=59","og_site_name":"Adda Arts","article_modified_time":"2024-03-18T18:00:42+00:00","twitter_card":"summary_large_image","schema":{"@context":"https:\/\/schema.org","@graph":[{"@type":"WebPage","@id":"https:\/\/adda-arts.com\/?page_id=59","url":"https:\/\/adda-arts.com\/?page_id=59","name":"\u00c0 propos - Adda Arts","isPartOf":{"@id":"https:\/\/adda-arts.com\/#website"},"datePublished":"2024-03-06T11:27:01+00:00","dateModified":"2024-03-18T18:00:42+00:00","breadcrumb":{"@id":"https:\/\/adda-arts.com\/?page_id=59#breadcrumb"},"inLanguage":"fr-FR","potentialAction":[{"@type":"ReadAction","target":["https:\/\/adda-arts.com\/?page_id=59"]}]},{"@type":"BreadcrumbList","@id":"https:\/\/adda-arts.com\/?page_id=59#breadcrumb","itemListElement":[{"@type":"ListItem","position":1,"name":"Accueil","item":"https:\/\/adda-arts.com\/"},{"@type":"ListItem","position":2,"name":"\u00c0 propos"}]},{"@type":"WebSite","@id":"https:\/\/adda-arts.com\/#website","url":"https:\/\/adda-arts.com\/","name":"Adda Arts","description":"","potentialAction":[{"@type":"SearchAction","target":{"@type":"EntryPoint","urlTemplate":"https:\/\/adda-arts.com\/?s={search_term_string}"},"query-input":{"@type":"PropertyValueSpecification","valueRequired":true,"valueName":"search_term_string"}}],"inLanguage":"fr-FR"}]}},"_links":{"self":[{"href":"https:\/\/adda-arts.com\/index.php?rest_route=\/wp\/v2\/pages\/59","targetHints":{"allow":["GET"]}}],"collection":[{"href":"https:\/\/adda-arts.com\/index.php?rest_route=\/wp\/v2\/pages"}],"about":[{"href":"https:\/\/adda-arts.com\/index.php?rest_route=\/wp\/v2\/types\/page"}],"author":[{"embeddable":true,"href":"https:\/\/adda-arts.com\/index.php?rest_route=\/wp\/v2\/users\/1"}],"replies":[{"embeddable":true,"href":"https:\/\/adda-arts.com\/index.php?rest_route=%2Fwp%2Fv2%2Fcomments&post=59"}],"version-history":[{"count":16,"href":"https:\/\/adda-arts.com\/index.php?rest_route=\/wp\/v2\/pages\/59\/revisions"}],"predecessor-version":[{"id":607,"href":"https:\/\/adda-arts.com\/index.php?rest_route=\/wp\/v2\/pages\/59\/revisions\/607"}],"wp:attachment":[{"href":"https:\/\/adda-arts.com\/index.php?rest_route=%2Fwp%2Fv2%2Fmedia&parent=59"}],"curies":[{"name":"wp","href":"https:\/\/api.w.org\/{rel}","templated":true}]}}