{"id":1040,"date":"2024-06-14T12:08:23","date_gmt":"2024-06-14T10:08:23","guid":{"rendered":"https:\/\/adda-arts.com\/?post_type=product&#038;p=1040"},"modified":"2026-01-21T17:16:53","modified_gmt":"2026-01-21T16:16:53","slug":"sky-city","status":"publish","type":"product","link":"https:\/\/adda-arts.com\/?product=sky-city","title":{"rendered":"Sky City"},"content":{"rendered":"<p>Toile r\u00e9alis\u00e9e avec de la bombe a\u00e9rosol et du mortier.<\/p>\n<p>Application au couteau de peinture et \u00e0 la bombe a\u00e9rosol.<\/p>\n<p>Dimensions 50&#215;70 cm.<\/p>\n<p>Photo de mise en situation, dimensions inexactes, se r\u00e9f\u00e9rer aux dimensions donn\u00e9es.<\/p>\n","protected":false},"excerpt":{"rendered":"<p>S\u00e9rie Villes futuristes.<\/p>\n<p>50&#215;70 cm.<\/p>\n<p>2024<\/p>\n","protected":false},"featured_media":9896,"comment_status":"open","ping_status":"closed","template":"","meta":{"_et_pb_use_builder":"","_et_pb_old_content":"","_et_gb_content_width":""},"product_brand":[],"product_cat":[22,25],"product_tag":[],"class_list":{"0":"post-1040","1":"product","2":"type-product","3":"status-publish","4":"has-post-thumbnail","6":"product_cat-peintures","7":"product_cat-villes-futuristes","9":"first","10":"instock","11":"shipping-taxable","12":"purchasable","13":"product-type-simple"},"yoast_head":"<!-- This site is optimized with the Yoast SEO plugin v27.2 - https:\/\/yoast.com\/product\/yoast-seo-wordpress\/ -->\n<title>Sky City - Adda Arts<\/title>\n<meta name=\"description\" content=\"S\u00e9rie Villes futuristes.\r\n\r\n50x70 cm.\r\n\r\n2024\" \/>\n<meta name=\"robots\" content=\"index, follow, max-snippet:-1, max-image-preview:large, max-video-preview:-1\" \/>\n<link rel=\"canonical\" href=\"https:\/\/adda-arts.com\/?product=sky-city\" \/>\n<meta property=\"og:locale\" content=\"fr_FR\" \/>\n<meta property=\"og:type\" content=\"article\" \/>\n<meta property=\"og:title\" content=\"Sky City - Adda Arts\" \/>\n<meta property=\"og:description\" content=\"S\u00e9rie Villes futuristes.  50x70 cm.  2024\" \/>\n<meta property=\"og:url\" content=\"https:\/\/adda-arts.com\/?product=sky-city\" \/>\n<meta property=\"og:site_name\" content=\"Adda Arts\" \/>\n<meta property=\"article:modified_time\" content=\"2026-01-21T16:16:53+00:00\" \/>\n<meta property=\"og:image\" content=\"https:\/\/adda-arts.com\/wp-content\/uploads\/2024\/06\/Aesthetic-Mid-Century-Modern-Living-Room-Wall-Art-Painting-Frame-Mockup-Instagram-Post-Publication-Instagram-1.png\" \/>\n\t<meta property=\"og:image:width\" content=\"1080\" \/>\n\t<meta property=\"og:image:height\" content=\"1080\" \/>\n\t<meta property=\"og:image:type\" content=\"image\/png\" \/>\n<meta name=\"twitter:card\" content=\"summary_large_image\" \/>\n<meta name=\"twitter:label1\" content=\"Dur\u00e9e de lecture estim\u00e9e\" \/>\n\t<meta name=\"twitter:data1\" content=\"1 minute\" \/>\n<script type=\"application\/ld+json\" class=\"yoast-schema-graph\">{\"@context\":\"https:\/\/schema.org\",\"@graph\":[{\"@type\":\"WebPage\",\"@id\":\"https:\/\/adda-arts.com\/?product=sky-city\",\"url\":\"https:\/\/adda-arts.com\/?product=sky-city\",\"name\":\"Sky City - Adda Arts\",\"isPartOf\":{\"@id\":\"https:\/\/adda-arts.com\/#website\"},\"primaryImageOfPage\":{\"@id\":\"https:\/\/adda-arts.com\/?product=sky-city#primaryimage\"},\"image\":{\"@id\":\"https:\/\/adda-arts.com\/?product=sky-city#primaryimage\"},\"thumbnailUrl\":\"https:\/\/adda-arts.com\/wp-content\/uploads\/2024\/06\/Aesthetic-Mid-Century-Modern-Living-Room-Wall-Art-Painting-Frame-Mockup-Instagram-Post-Publication-Instagram-1.png\",\"datePublished\":\"2024-06-14T10:08:23+00:00\",\"dateModified\":\"2026-01-21T16:16:53+00:00\",\"breadcrumb\":{\"@id\":\"https:\/\/adda-arts.com\/?product=sky-city#breadcrumb\"},\"inLanguage\":\"fr-FR\",\"potentialAction\":[{\"@type\":\"ReadAction\",\"target\":[\"https:\/\/adda-arts.com\/?product=sky-city\"]}]},{\"@type\":\"ImageObject\",\"inLanguage\":\"fr-FR\",\"@id\":\"https:\/\/adda-arts.com\/?product=sky-city#primaryimage\",\"url\":\"https:\/\/adda-arts.com\/wp-content\/uploads\/2024\/06\/Aesthetic-Mid-Century-Modern-Living-Room-Wall-Art-Painting-Frame-Mockup-Instagram-Post-Publication-Instagram-1.png\",\"contentUrl\":\"https:\/\/adda-arts.com\/wp-content\/uploads\/2024\/06\/Aesthetic-Mid-Century-Modern-Living-Room-Wall-Art-Painting-Frame-Mockup-Instagram-Post-Publication-Instagram-1.png\",\"width\":1080,\"height\":1080,\"caption\":\"\u0152uvre de l'artiste\"},{\"@type\":\"BreadcrumbList\",\"@id\":\"https:\/\/adda-arts.com\/?product=sky-city#breadcrumb\",\"itemListElement\":[{\"@type\":\"ListItem\",\"position\":1,\"name\":\"Accueil\",\"item\":\"https:\/\/adda-arts.com\/\"},{\"@type\":\"ListItem\",\"position\":2,\"name\":\"Boutique\",\"item\":\"https:\/\/adda-arts.com\/?page_id=7\"},{\"@type\":\"ListItem\",\"position\":3,\"name\":\"Sky City\"}]},{\"@type\":\"WebSite\",\"@id\":\"https:\/\/adda-arts.com\/#website\",\"url\":\"https:\/\/adda-arts.com\/\",\"name\":\"Adda Arts\",\"description\":\"\",\"potentialAction\":[{\"@type\":\"SearchAction\",\"target\":{\"@type\":\"EntryPoint\",\"urlTemplate\":\"https:\/\/adda-arts.com\/?s={search_term_string}\"},\"query-input\":{\"@type\":\"PropertyValueSpecification\",\"valueRequired\":true,\"valueName\":\"search_term_string\"}}],\"inLanguage\":\"fr-FR\"}]}<\/script>\n<!-- \/ Yoast SEO plugin. -->","yoast_head_json":{"title":"Sky City - Adda Arts","description":"S\u00e9rie Villes futuristes.\r\n\r\n50x70 cm.\r\n\r\n2024","robots":{"index":"index","follow":"follow","max-snippet":"max-snippet:-1","max-image-preview":"max-image-preview:large","max-video-preview":"max-video-preview:-1"},"canonical":"https:\/\/adda-arts.com\/?product=sky-city","og_locale":"fr_FR","og_type":"article","og_title":"Sky City - Adda Arts","og_description":"S\u00e9rie Villes futuristes.  50x70 cm.  2024","og_url":"https:\/\/adda-arts.com\/?product=sky-city","og_site_name":"Adda Arts","article_modified_time":"2026-01-21T16:16:53+00:00","og_image":[{"width":1080,"height":1080,"url":"https:\/\/adda-arts.com\/wp-content\/uploads\/2024\/06\/Aesthetic-Mid-Century-Modern-Living-Room-Wall-Art-Painting-Frame-Mockup-Instagram-Post-Publication-Instagram-1.png","type":"image\/png"}],"twitter_card":"summary_large_image","twitter_misc":{"Dur\u00e9e de lecture estim\u00e9e":"1 minute"},"schema":{"@context":"https:\/\/schema.org","@graph":[{"@type":"WebPage","@id":"https:\/\/adda-arts.com\/?product=sky-city","url":"https:\/\/adda-arts.com\/?product=sky-city","name":"Sky City - Adda Arts","isPartOf":{"@id":"https:\/\/adda-arts.com\/#website"},"primaryImageOfPage":{"@id":"https:\/\/adda-arts.com\/?product=sky-city#primaryimage"},"image":{"@id":"https:\/\/adda-arts.com\/?product=sky-city#primaryimage"},"thumbnailUrl":"https:\/\/adda-arts.com\/wp-content\/uploads\/2024\/06\/Aesthetic-Mid-Century-Modern-Living-Room-Wall-Art-Painting-Frame-Mockup-Instagram-Post-Publication-Instagram-1.png","datePublished":"2024-06-14T10:08:23+00:00","dateModified":"2026-01-21T16:16:53+00:00","breadcrumb":{"@id":"https:\/\/adda-arts.com\/?product=sky-city#breadcrumb"},"inLanguage":"fr-FR","potentialAction":[{"@type":"ReadAction","target":["https:\/\/adda-arts.com\/?product=sky-city"]}]},{"@type":"ImageObject","inLanguage":"fr-FR","@id":"https:\/\/adda-arts.com\/?product=sky-city#primaryimage","url":"https:\/\/adda-arts.com\/wp-content\/uploads\/2024\/06\/Aesthetic-Mid-Century-Modern-Living-Room-Wall-Art-Painting-Frame-Mockup-Instagram-Post-Publication-Instagram-1.png","contentUrl":"https:\/\/adda-arts.com\/wp-content\/uploads\/2024\/06\/Aesthetic-Mid-Century-Modern-Living-Room-Wall-Art-Painting-Frame-Mockup-Instagram-Post-Publication-Instagram-1.png","width":1080,"height":1080,"caption":"\u0152uvre de l'artiste"},{"@type":"BreadcrumbList","@id":"https:\/\/adda-arts.com\/?product=sky-city#breadcrumb","itemListElement":[{"@type":"ListItem","position":1,"name":"Accueil","item":"https:\/\/adda-arts.com\/"},{"@type":"ListItem","position":2,"name":"Boutique","item":"https:\/\/adda-arts.com\/?page_id=7"},{"@type":"ListItem","position":3,"name":"Sky City"}]},{"@type":"WebSite","@id":"https:\/\/adda-arts.com\/#website","url":"https:\/\/adda-arts.com\/","name":"Adda Arts","description":"","potentialAction":[{"@type":"SearchAction","target":{"@type":"EntryPoint","urlTemplate":"https:\/\/adda-arts.com\/?s={search_term_string}"},"query-input":{"@type":"PropertyValueSpecification","valueRequired":true,"valueName":"search_term_string"}}],"inLanguage":"fr-FR"}]}},"_links":{"self":[{"href":"https:\/\/adda-arts.com\/index.php?rest_route=\/wp\/v2\/product\/1040","targetHints":{"allow":["GET"]}}],"collection":[{"href":"https:\/\/adda-arts.com\/index.php?rest_route=\/wp\/v2\/product"}],"about":[{"href":"https:\/\/adda-arts.com\/index.php?rest_route=\/wp\/v2\/types\/product"}],"replies":[{"embeddable":true,"href":"https:\/\/adda-arts.com\/index.php?rest_route=%2Fwp%2Fv2%2Fcomments&post=1040"}],"wp:featuredmedia":[{"embeddable":true,"href":"https:\/\/adda-arts.com\/index.php?rest_route=\/wp\/v2\/media\/9896"}],"wp:attachment":[{"href":"https:\/\/adda-arts.com\/index.php?rest_route=%2Fwp%2Fv2%2Fmedia&parent=1040"}],"wp:term":[{"taxonomy":"product_brand","embeddable":true,"href":"https:\/\/adda-arts.com\/index.php?rest_route=%2Fwp%2Fv2%2Fproduct_brand&post=1040"},{"taxonomy":"product_cat","embeddable":true,"href":"https:\/\/adda-arts.com\/index.php?rest_route=%2Fwp%2Fv2%2Fproduct_cat&post=1040"},{"taxonomy":"product_tag","embeddable":true,"href":"https:\/\/adda-arts.com\/index.php?rest_route=%2Fwp%2Fv2%2Fproduct_tag&post=1040"}],"curies":[{"name":"wp","href":"https:\/\/api.w.org\/{rel}","templated":true}]}}