{"id":833,"date":"2024-03-22T15:51:47","date_gmt":"2024-03-22T14:51:47","guid":{"rendered":"https:\/\/adda-arts.com\/?post_type=product&#038;p=833"},"modified":"2026-01-21T17:41:40","modified_gmt":"2026-01-21T16:41:40","slug":"fleurs-dor-et-dargent","status":"publish","type":"product","link":"https:\/\/adda-arts.com\/?product=fleurs-dor-et-dargent","title":{"rendered":"Fleurs d&rsquo;or et d&rsquo;argent"},"content":{"rendered":"<p>Tableau de r\u00e9cup\u00e9ration r\u00e9alis\u00e9 avec de la bombe a\u00e9rosol et au marqueur. Application au marqueur et \u00e0 la bombe. Dimensions 85&#215;113 cm.<\/p>\n","protected":false},"excerpt":{"rendered":"<p>S\u00e9rie Street Art \/ Renaissance.<\/p>\n<p>85&#215;113 cm.<\/p>\n<p>2024<\/p>\n","protected":false},"featured_media":9952,"comment_status":"open","ping_status":"closed","template":"","meta":{"_et_pb_use_builder":"off","_et_pb_old_content":"Tableau de r\u00e9cup\u00e9ration r\u00e9alis\u00e9 avec de la bombe a\u00e9rosol et au marqueur.\r\n\r\nApplication au marqueur et \u00e0 la bombe.\r\n\r\nDimensions 85x113 cm.","_et_gb_content_width":""},"product_brand":[],"product_cat":[22,27,26],"product_tag":[],"class_list":{"0":"post-833","1":"product","2":"type-product","3":"status-publish","4":"has-post-thumbnail","6":"product_cat-peintures","7":"product_cat-renaissance","8":"product_cat-street-art-des-mots","10":"first","11":"instock","12":"shipping-taxable","13":"purchasable","14":"product-type-simple"},"yoast_head":"<!-- This site is optimized with the Yoast SEO plugin v27.2 - https:\/\/yoast.com\/product\/yoast-seo-wordpress\/ -->\n<title>Fleurs d&#039;or et d&#039;argent - Adda Arts<\/title>\n<meta name=\"description\" content=\"S\u00e9rie Street Art \/ Renaissance.\r\n\r\n85x113 cm.\r\n\r\n2024\" \/>\n<meta name=\"robots\" content=\"index, follow, max-snippet:-1, max-image-preview:large, max-video-preview:-1\" \/>\n<link rel=\"canonical\" href=\"https:\/\/adda-arts.com\/?product=fleurs-dor-et-dargent\" \/>\n<meta property=\"og:locale\" content=\"fr_FR\" \/>\n<meta property=\"og:type\" content=\"article\" \/>\n<meta property=\"og:title\" content=\"Fleurs d&#039;or et d&#039;argent - Adda Arts\" \/>\n<meta property=\"og:description\" content=\"S\u00e9rie Street Art \/ Renaissance.  85x113 cm.  2024\" \/>\n<meta property=\"og:url\" content=\"https:\/\/adda-arts.com\/?product=fleurs-dor-et-dargent\" \/>\n<meta property=\"og:site_name\" content=\"Adda Arts\" \/>\n<meta property=\"article:modified_time\" content=\"2026-01-21T16:41:40+00:00\" \/>\n<meta property=\"og:image\" content=\"https:\/\/adda-arts.com\/wp-content\/uploads\/2024\/03\/432713041_1770648593409673_2014246654615278274_n.jpg\" \/>\n\t<meta property=\"og:image:width\" content=\"1588\" \/>\n\t<meta property=\"og:image:height\" content=\"1169\" \/>\n\t<meta property=\"og:image:type\" content=\"image\/jpeg\" \/>\n<meta name=\"twitter:card\" content=\"summary_large_image\" \/>\n<meta name=\"twitter:label1\" content=\"Dur\u00e9e de lecture estim\u00e9e\" \/>\n\t<meta name=\"twitter:data1\" content=\"1 minute\" \/>\n<script type=\"application\/ld+json\" class=\"yoast-schema-graph\">{\"@context\":\"https:\/\/schema.org\",\"@graph\":[{\"@type\":\"WebPage\",\"@id\":\"https:\/\/adda-arts.com\/?product=fleurs-dor-et-dargent\",\"url\":\"https:\/\/adda-arts.com\/?product=fleurs-dor-et-dargent\",\"name\":\"Fleurs d'or et d'argent - Adda Arts\",\"isPartOf\":{\"@id\":\"https:\/\/adda-arts.com\/#website\"},\"primaryImageOfPage\":{\"@id\":\"https:\/\/adda-arts.com\/?product=fleurs-dor-et-dargent#primaryimage\"},\"image\":{\"@id\":\"https:\/\/adda-arts.com\/?product=fleurs-dor-et-dargent#primaryimage\"},\"thumbnailUrl\":\"https:\/\/adda-arts.com\/wp-content\/uploads\/2024\/03\/432713041_1770648593409673_2014246654615278274_n.jpg\",\"datePublished\":\"2024-03-22T14:51:47+00:00\",\"dateModified\":\"2026-01-21T16:41:40+00:00\",\"breadcrumb\":{\"@id\":\"https:\/\/adda-arts.com\/?product=fleurs-dor-et-dargent#breadcrumb\"},\"inLanguage\":\"fr-FR\",\"potentialAction\":[{\"@type\":\"ReadAction\",\"target\":[\"https:\/\/adda-arts.com\/?product=fleurs-dor-et-dargent\"]}]},{\"@type\":\"ImageObject\",\"inLanguage\":\"fr-FR\",\"@id\":\"https:\/\/adda-arts.com\/?product=fleurs-dor-et-dargent#primaryimage\",\"url\":\"https:\/\/adda-arts.com\/wp-content\/uploads\/2024\/03\/432713041_1770648593409673_2014246654615278274_n.jpg\",\"contentUrl\":\"https:\/\/adda-arts.com\/wp-content\/uploads\/2024\/03\/432713041_1770648593409673_2014246654615278274_n.jpg\",\"width\":1588,\"height\":1169,\"caption\":\"\u0152uvre de l'artiste\"},{\"@type\":\"BreadcrumbList\",\"@id\":\"https:\/\/adda-arts.com\/?product=fleurs-dor-et-dargent#breadcrumb\",\"itemListElement\":[{\"@type\":\"ListItem\",\"position\":1,\"name\":\"Accueil\",\"item\":\"https:\/\/adda-arts.com\/\"},{\"@type\":\"ListItem\",\"position\":2,\"name\":\"Boutique\",\"item\":\"https:\/\/adda-arts.com\/?page_id=7\"},{\"@type\":\"ListItem\",\"position\":3,\"name\":\"Fleurs d&#8217;or et d&#8217;argent\"}]},{\"@type\":\"WebSite\",\"@id\":\"https:\/\/adda-arts.com\/#website\",\"url\":\"https:\/\/adda-arts.com\/\",\"name\":\"Adda Arts\",\"description\":\"\",\"potentialAction\":[{\"@type\":\"SearchAction\",\"target\":{\"@type\":\"EntryPoint\",\"urlTemplate\":\"https:\/\/adda-arts.com\/?s={search_term_string}\"},\"query-input\":{\"@type\":\"PropertyValueSpecification\",\"valueRequired\":true,\"valueName\":\"search_term_string\"}}],\"inLanguage\":\"fr-FR\"}]}<\/script>\n<!-- \/ Yoast SEO plugin. -->","yoast_head_json":{"title":"Fleurs d'or et d'argent - Adda Arts","description":"S\u00e9rie Street Art \/ Renaissance.\r\n\r\n85x113 cm.\r\n\r\n2024","robots":{"index":"index","follow":"follow","max-snippet":"max-snippet:-1","max-image-preview":"max-image-preview:large","max-video-preview":"max-video-preview:-1"},"canonical":"https:\/\/adda-arts.com\/?product=fleurs-dor-et-dargent","og_locale":"fr_FR","og_type":"article","og_title":"Fleurs d'or et d'argent - Adda Arts","og_description":"S\u00e9rie Street Art \/ Renaissance.  85x113 cm.  2024","og_url":"https:\/\/adda-arts.com\/?product=fleurs-dor-et-dargent","og_site_name":"Adda Arts","article_modified_time":"2026-01-21T16:41:40+00:00","og_image":[{"width":1588,"height":1169,"url":"https:\/\/adda-arts.com\/wp-content\/uploads\/2024\/03\/432713041_1770648593409673_2014246654615278274_n.jpg","type":"image\/jpeg"}],"twitter_card":"summary_large_image","twitter_misc":{"Dur\u00e9e de lecture estim\u00e9e":"1 minute"},"schema":{"@context":"https:\/\/schema.org","@graph":[{"@type":"WebPage","@id":"https:\/\/adda-arts.com\/?product=fleurs-dor-et-dargent","url":"https:\/\/adda-arts.com\/?product=fleurs-dor-et-dargent","name":"Fleurs d'or et d'argent - Adda Arts","isPartOf":{"@id":"https:\/\/adda-arts.com\/#website"},"primaryImageOfPage":{"@id":"https:\/\/adda-arts.com\/?product=fleurs-dor-et-dargent#primaryimage"},"image":{"@id":"https:\/\/adda-arts.com\/?product=fleurs-dor-et-dargent#primaryimage"},"thumbnailUrl":"https:\/\/adda-arts.com\/wp-content\/uploads\/2024\/03\/432713041_1770648593409673_2014246654615278274_n.jpg","datePublished":"2024-03-22T14:51:47+00:00","dateModified":"2026-01-21T16:41:40+00:00","breadcrumb":{"@id":"https:\/\/adda-arts.com\/?product=fleurs-dor-et-dargent#breadcrumb"},"inLanguage":"fr-FR","potentialAction":[{"@type":"ReadAction","target":["https:\/\/adda-arts.com\/?product=fleurs-dor-et-dargent"]}]},{"@type":"ImageObject","inLanguage":"fr-FR","@id":"https:\/\/adda-arts.com\/?product=fleurs-dor-et-dargent#primaryimage","url":"https:\/\/adda-arts.com\/wp-content\/uploads\/2024\/03\/432713041_1770648593409673_2014246654615278274_n.jpg","contentUrl":"https:\/\/adda-arts.com\/wp-content\/uploads\/2024\/03\/432713041_1770648593409673_2014246654615278274_n.jpg","width":1588,"height":1169,"caption":"\u0152uvre de l'artiste"},{"@type":"BreadcrumbList","@id":"https:\/\/adda-arts.com\/?product=fleurs-dor-et-dargent#breadcrumb","itemListElement":[{"@type":"ListItem","position":1,"name":"Accueil","item":"https:\/\/adda-arts.com\/"},{"@type":"ListItem","position":2,"name":"Boutique","item":"https:\/\/adda-arts.com\/?page_id=7"},{"@type":"ListItem","position":3,"name":"Fleurs d&#8217;or et d&#8217;argent"}]},{"@type":"WebSite","@id":"https:\/\/adda-arts.com\/#website","url":"https:\/\/adda-arts.com\/","name":"Adda Arts","description":"","potentialAction":[{"@type":"SearchAction","target":{"@type":"EntryPoint","urlTemplate":"https:\/\/adda-arts.com\/?s={search_term_string}"},"query-input":{"@type":"PropertyValueSpecification","valueRequired":true,"valueName":"search_term_string"}}],"inLanguage":"fr-FR"}]}},"_links":{"self":[{"href":"https:\/\/adda-arts.com\/index.php?rest_route=\/wp\/v2\/product\/833","targetHints":{"allow":["GET"]}}],"collection":[{"href":"https:\/\/adda-arts.com\/index.php?rest_route=\/wp\/v2\/product"}],"about":[{"href":"https:\/\/adda-arts.com\/index.php?rest_route=\/wp\/v2\/types\/product"}],"replies":[{"embeddable":true,"href":"https:\/\/adda-arts.com\/index.php?rest_route=%2Fwp%2Fv2%2Fcomments&post=833"}],"wp:featuredmedia":[{"embeddable":true,"href":"https:\/\/adda-arts.com\/index.php?rest_route=\/wp\/v2\/media\/9952"}],"wp:attachment":[{"href":"https:\/\/adda-arts.com\/index.php?rest_route=%2Fwp%2Fv2%2Fmedia&parent=833"}],"wp:term":[{"taxonomy":"product_brand","embeddable":true,"href":"https:\/\/adda-arts.com\/index.php?rest_route=%2Fwp%2Fv2%2Fproduct_brand&post=833"},{"taxonomy":"product_cat","embeddable":true,"href":"https:\/\/adda-arts.com\/index.php?rest_route=%2Fwp%2Fv2%2Fproduct_cat&post=833"},{"taxonomy":"product_tag","embeddable":true,"href":"https:\/\/adda-arts.com\/index.php?rest_route=%2Fwp%2Fv2%2Fproduct_tag&post=833"}],"curies":[{"name":"wp","href":"https:\/\/api.w.org\/{rel}","templated":true}]}}