{"id":990,"date":"2024-04-23T18:12:37","date_gmt":"2024-04-23T16:12:37","guid":{"rendered":"https:\/\/adda-arts.com\/?post_type=product&#038;p=990"},"modified":"2026-01-21T17:26:56","modified_gmt":"2026-01-21T16:26:56","slug":"moule","status":"publish","type":"product","link":"https:\/\/adda-arts.com\/?product=moule","title":{"rendered":"Moule"},"content":{"rendered":"","protected":false},"excerpt":{"rendered":"<p>Encre sur papier 250g\/m\u00b2.<\/p>\n<p>Dimensions 13&#215;18 cm.<\/p>\n<p>Disponible en noir, bleu, rouge et violet.<\/p>\n<p>Sign\u00e9e.<\/p>\n<p>Photo de mise en situation, dimensions inexactes, se r\u00e9f\u00e9rer aux dimensions donn\u00e9es.<\/p>\n","protected":false},"featured_media":9928,"comment_status":"open","ping_status":"closed","template":"","meta":{"_et_pb_use_builder":"","_et_pb_old_content":"","_et_gb_content_width":""},"product_brand":[],"product_cat":[23],"product_tag":[],"class_list":{"0":"post-990","1":"product","2":"type-product","3":"status-publish","4":"has-post-thumbnail","6":"product_cat-linogravures","8":"first","9":"instock","10":"shipping-taxable","11":"purchasable","12":"product-type-variable"},"yoast_head":"<!-- This site is optimized with the Yoast SEO plugin v27.2 - https:\/\/yoast.com\/product\/yoast-seo-wordpress\/ -->\n<title>Moule - Adda Arts<\/title>\n<meta name=\"description\" content=\"Encre sur papier 250g\/m\u00b2.\r\n\r\nDimensions 13x18 cm.\r\n\r\nDisponible en noir, bleu, rouge et violet.\r\n\r\nSign\u00e9e.\r\n\r\nPhoto de mise en situation, dimensions inexactes, se r\u00e9f\u00e9rer aux dimensions donn\u00e9es.\" \/>\n<meta name=\"robots\" content=\"index, follow, max-snippet:-1, max-image-preview:large, max-video-preview:-1\" \/>\n<link rel=\"canonical\" href=\"https:\/\/adda-arts.com\/?product=moule\" \/>\n<meta property=\"og:locale\" content=\"fr_FR\" \/>\n<meta property=\"og:type\" content=\"article\" \/>\n<meta property=\"og:title\" content=\"Moule - Adda Arts\" \/>\n<meta property=\"og:description\" content=\"Encre sur papier 250g\/m\u00b2.  Dimensions 13x18 cm.  Disponible en noir, bleu, rouge et violet.  Sign\u00e9e.  Photo de mise en situation, dimensions inexactes, se r\u00e9f\u00e9rer aux dimensions donn\u00e9es.\" \/>\n<meta property=\"og:url\" content=\"https:\/\/adda-arts.com\/?product=moule\" \/>\n<meta property=\"og:site_name\" content=\"Adda Arts\" \/>\n<meta property=\"article:modified_time\" content=\"2026-01-21T16:26:56+00:00\" \/>\n<meta property=\"og:image\" content=\"https:\/\/adda-arts.com\/wp-content\/uploads\/2024\/04\/Neutral-Photo-Frame-Mockup-Fathers-Day-Instagram-Post.png\" \/>\n\t<meta property=\"og:image:width\" content=\"1080\" \/>\n\t<meta property=\"og:image:height\" content=\"1080\" \/>\n\t<meta property=\"og:image:type\" content=\"image\/png\" \/>\n<meta name=\"twitter:card\" content=\"summary_large_image\" \/>\n<meta name=\"twitter:label1\" content=\"Dur\u00e9e de lecture estim\u00e9e\" \/>\n\t<meta name=\"twitter:data1\" content=\"1 minute\" \/>\n<script type=\"application\/ld+json\" class=\"yoast-schema-graph\">{\"@context\":\"https:\/\/schema.org\",\"@graph\":[{\"@type\":\"WebPage\",\"@id\":\"https:\/\/adda-arts.com\/?product=moule\",\"url\":\"https:\/\/adda-arts.com\/?product=moule\",\"name\":\"Moule - Adda Arts\",\"isPartOf\":{\"@id\":\"https:\/\/adda-arts.com\/#website\"},\"primaryImageOfPage\":{\"@id\":\"https:\/\/adda-arts.com\/?product=moule#primaryimage\"},\"image\":{\"@id\":\"https:\/\/adda-arts.com\/?product=moule#primaryimage\"},\"thumbnailUrl\":\"https:\/\/adda-arts.com\/wp-content\/uploads\/2024\/04\/Neutral-Photo-Frame-Mockup-Fathers-Day-Instagram-Post.png\",\"datePublished\":\"2024-04-23T16:12:37+00:00\",\"dateModified\":\"2026-01-21T16:26:56+00:00\",\"breadcrumb\":{\"@id\":\"https:\/\/adda-arts.com\/?product=moule#breadcrumb\"},\"inLanguage\":\"fr-FR\",\"potentialAction\":[{\"@type\":\"ReadAction\",\"target\":[\"https:\/\/adda-arts.com\/?product=moule\"]}]},{\"@type\":\"ImageObject\",\"inLanguage\":\"fr-FR\",\"@id\":\"https:\/\/adda-arts.com\/?product=moule#primaryimage\",\"url\":\"https:\/\/adda-arts.com\/wp-content\/uploads\/2024\/04\/Neutral-Photo-Frame-Mockup-Fathers-Day-Instagram-Post.png\",\"contentUrl\":\"https:\/\/adda-arts.com\/wp-content\/uploads\/2024\/04\/Neutral-Photo-Frame-Mockup-Fathers-Day-Instagram-Post.png\",\"width\":1080,\"height\":1080,\"caption\":\"\u0152uvre de l'artiste\"},{\"@type\":\"BreadcrumbList\",\"@id\":\"https:\/\/adda-arts.com\/?product=moule#breadcrumb\",\"itemListElement\":[{\"@type\":\"ListItem\",\"position\":1,\"name\":\"Accueil\",\"item\":\"https:\/\/adda-arts.com\/\"},{\"@type\":\"ListItem\",\"position\":2,\"name\":\"Boutique\",\"item\":\"https:\/\/adda-arts.com\/?page_id=7\"},{\"@type\":\"ListItem\",\"position\":3,\"name\":\"Moule\"}]},{\"@type\":\"WebSite\",\"@id\":\"https:\/\/adda-arts.com\/#website\",\"url\":\"https:\/\/adda-arts.com\/\",\"name\":\"Adda Arts\",\"description\":\"\",\"potentialAction\":[{\"@type\":\"SearchAction\",\"target\":{\"@type\":\"EntryPoint\",\"urlTemplate\":\"https:\/\/adda-arts.com\/?s={search_term_string}\"},\"query-input\":{\"@type\":\"PropertyValueSpecification\",\"valueRequired\":true,\"valueName\":\"search_term_string\"}}],\"inLanguage\":\"fr-FR\"}]}<\/script>\n<!-- \/ Yoast SEO plugin. -->","yoast_head_json":{"title":"Moule - Adda Arts","description":"Encre sur papier 250g\/m\u00b2.\r\n\r\nDimensions 13x18 cm.\r\n\r\nDisponible en noir, bleu, rouge et violet.\r\n\r\nSign\u00e9e.\r\n\r\nPhoto de mise en situation, dimensions inexactes, se r\u00e9f\u00e9rer aux dimensions donn\u00e9es.","robots":{"index":"index","follow":"follow","max-snippet":"max-snippet:-1","max-image-preview":"max-image-preview:large","max-video-preview":"max-video-preview:-1"},"canonical":"https:\/\/adda-arts.com\/?product=moule","og_locale":"fr_FR","og_type":"article","og_title":"Moule - Adda Arts","og_description":"Encre sur papier 250g\/m\u00b2.  Dimensions 13x18 cm.  Disponible en noir, bleu, rouge et violet.  Sign\u00e9e.  Photo de mise en situation, dimensions inexactes, se r\u00e9f\u00e9rer aux dimensions donn\u00e9es.","og_url":"https:\/\/adda-arts.com\/?product=moule","og_site_name":"Adda Arts","article_modified_time":"2026-01-21T16:26:56+00:00","og_image":[{"width":1080,"height":1080,"url":"https:\/\/adda-arts.com\/wp-content\/uploads\/2024\/04\/Neutral-Photo-Frame-Mockup-Fathers-Day-Instagram-Post.png","type":"image\/png"}],"twitter_card":"summary_large_image","twitter_misc":{"Dur\u00e9e de lecture estim\u00e9e":"1 minute"},"schema":{"@context":"https:\/\/schema.org","@graph":[{"@type":"WebPage","@id":"https:\/\/adda-arts.com\/?product=moule","url":"https:\/\/adda-arts.com\/?product=moule","name":"Moule - Adda Arts","isPartOf":{"@id":"https:\/\/adda-arts.com\/#website"},"primaryImageOfPage":{"@id":"https:\/\/adda-arts.com\/?product=moule#primaryimage"},"image":{"@id":"https:\/\/adda-arts.com\/?product=moule#primaryimage"},"thumbnailUrl":"https:\/\/adda-arts.com\/wp-content\/uploads\/2024\/04\/Neutral-Photo-Frame-Mockup-Fathers-Day-Instagram-Post.png","datePublished":"2024-04-23T16:12:37+00:00","dateModified":"2026-01-21T16:26:56+00:00","breadcrumb":{"@id":"https:\/\/adda-arts.com\/?product=moule#breadcrumb"},"inLanguage":"fr-FR","potentialAction":[{"@type":"ReadAction","target":["https:\/\/adda-arts.com\/?product=moule"]}]},{"@type":"ImageObject","inLanguage":"fr-FR","@id":"https:\/\/adda-arts.com\/?product=moule#primaryimage","url":"https:\/\/adda-arts.com\/wp-content\/uploads\/2024\/04\/Neutral-Photo-Frame-Mockup-Fathers-Day-Instagram-Post.png","contentUrl":"https:\/\/adda-arts.com\/wp-content\/uploads\/2024\/04\/Neutral-Photo-Frame-Mockup-Fathers-Day-Instagram-Post.png","width":1080,"height":1080,"caption":"\u0152uvre de l'artiste"},{"@type":"BreadcrumbList","@id":"https:\/\/adda-arts.com\/?product=moule#breadcrumb","itemListElement":[{"@type":"ListItem","position":1,"name":"Accueil","item":"https:\/\/adda-arts.com\/"},{"@type":"ListItem","position":2,"name":"Boutique","item":"https:\/\/adda-arts.com\/?page_id=7"},{"@type":"ListItem","position":3,"name":"Moule"}]},{"@type":"WebSite","@id":"https:\/\/adda-arts.com\/#website","url":"https:\/\/adda-arts.com\/","name":"Adda Arts","description":"","potentialAction":[{"@type":"SearchAction","target":{"@type":"EntryPoint","urlTemplate":"https:\/\/adda-arts.com\/?s={search_term_string}"},"query-input":{"@type":"PropertyValueSpecification","valueRequired":true,"valueName":"search_term_string"}}],"inLanguage":"fr-FR"}]}},"_links":{"self":[{"href":"https:\/\/adda-arts.com\/index.php?rest_route=\/wp\/v2\/product\/990","targetHints":{"allow":["GET"]}}],"collection":[{"href":"https:\/\/adda-arts.com\/index.php?rest_route=\/wp\/v2\/product"}],"about":[{"href":"https:\/\/adda-arts.com\/index.php?rest_route=\/wp\/v2\/types\/product"}],"replies":[{"embeddable":true,"href":"https:\/\/adda-arts.com\/index.php?rest_route=%2Fwp%2Fv2%2Fcomments&post=990"}],"wp:featuredmedia":[{"embeddable":true,"href":"https:\/\/adda-arts.com\/index.php?rest_route=\/wp\/v2\/media\/9928"}],"wp:attachment":[{"href":"https:\/\/adda-arts.com\/index.php?rest_route=%2Fwp%2Fv2%2Fmedia&parent=990"}],"wp:term":[{"taxonomy":"product_brand","embeddable":true,"href":"https:\/\/adda-arts.com\/index.php?rest_route=%2Fwp%2Fv2%2Fproduct_brand&post=990"},{"taxonomy":"product_cat","embeddable":true,"href":"https:\/\/adda-arts.com\/index.php?rest_route=%2Fwp%2Fv2%2Fproduct_cat&post=990"},{"taxonomy":"product_tag","embeddable":true,"href":"https:\/\/adda-arts.com\/index.php?rest_route=%2Fwp%2Fv2%2Fproduct_tag&post=990"}],"curies":[{"name":"wp","href":"https:\/\/api.w.org\/{rel}","templated":true}]}}